{"id":999,"date":"2022-09-05T12:27:21","date_gmt":"2022-09-05T16:27:21","guid":{"rendered":"https:\/\/beautybomb.co\/?post_type=product&#038;p=999"},"modified":"2023-07-12T14:01:20","modified_gmt":"2023-07-12T18:01:20","slug":"shampooing-le-booster-secret","status":"publish","type":"product","link":"https:\/\/beautybomb.co\/fr\/produit\/shampooing-le-booster-secret\/","title":{"rendered":"Shampooing\u00a0Le Booster Secret"},"content":{"rendered":"","protected":false},"excerpt":{"rendered":"<p>Shampooing\u00a0Le Booster Secret 16.9 FL.OZ. \/ 500ml<\/p>\n<p>Sans sulfate<br \/>\nSans parab\u00e8ne<br \/>\nSans silicone<\/p>\n<p>Cette formule \u00e0 base de k\u00e9ratine, d\u2019huile de ricin et d\u2019huile d\u2019argan p\u00e9n\u00e8tre du cuir chevelu jusqu\u2019\u00e0 la pointe laissant une chevelure propre hydrat\u00e9 et fortifi\u00e9. Con\u00e7u pour prot\u00e9ger et restaurer la fibre<\/p>\n<p>Capillaire, notre shampooing pr\u00e9vient les cassures pour laisser les cheveux doux et dociles. Il convient pour tous types de cheveux.<\/p>\n","protected":false},"featured_media":2573,"comment_status":"closed","ping_status":"closed","template":"","meta":{"_acf_changed":false},"product_brand":[],"product_cat":[58],"product_tag":[],"class_list":{"0":"post-999","1":"product","2":"type-product","3":"status-publish","4":"has-post-thumbnail","6":"product_cat-produits-fr","7":"wpbf-post","10":"instock","11":"taxable","12":"shipping-taxable","13":"purchasable","14":"product-type-simple"},"acf":[],"_links":{"self":[{"href":"https:\/\/beautybomb.co\/fr\/wp-json\/wp\/v2\/product\/999","targetHints":{"allow":["GET"]}}],"collection":[{"href":"https:\/\/beautybomb.co\/fr\/wp-json\/wp\/v2\/product"}],"about":[{"href":"https:\/\/beautybomb.co\/fr\/wp-json\/wp\/v2\/types\/product"}],"replies":[{"embeddable":true,"href":"https:\/\/beautybomb.co\/fr\/wp-json\/wp\/v2\/comments?post=999"}],"wp:featuredmedia":[{"embeddable":true,"href":"https:\/\/beautybomb.co\/fr\/wp-json\/wp\/v2\/media\/2573"}],"wp:attachment":[{"href":"https:\/\/beautybomb.co\/fr\/wp-json\/wp\/v2\/media?parent=999"}],"wp:term":[{"taxonomy":"product_brand","embeddable":true,"href":"https:\/\/beautybomb.co\/fr\/wp-json\/wp\/v2\/product_brand?post=999"},{"taxonomy":"product_cat","embeddable":true,"href":"https:\/\/beautybomb.co\/fr\/wp-json\/wp\/v2\/product_cat?post=999"},{"taxonomy":"product_tag","embeddable":true,"href":"https:\/\/beautybomb.co\/fr\/wp-json\/wp\/v2\/product_tag?post=999"}],"curies":[{"name":"wp","href":"https:\/\/api.w.org\/{rel}","templated":true}]}}