{"id":810,"date":"2022-08-06T17:33:24","date_gmt":"2022-08-06T21:33:24","guid":{"rendered":"https:\/\/beautybomb.co\/?post_type=product&#038;p=810"},"modified":"2023-07-17T09:29:41","modified_gmt":"2023-07-17T13:29:41","slug":"promo-serums-vitamines-pour-cheveux","status":"publish","type":"product","link":"https:\/\/beautybomb.co\/fr\/produit\/promo-serums-vitamines-pour-cheveux\/","title":{"rendered":"PROMO S\u00e9rums vitamin\u00e9s pour cheveux"},"content":{"rendered":"","protected":false},"excerpt":{"rendered":"<p>Ce produit enti\u00e8rement canadien sign\u00e9 Beauty Bomb est un serum vitamin\u00e9 qui agit instantan\u00e9ment pour nettoyer le cuir chevelu et renforcer le cheveu. Cette formule unique qui contient les ingr\u00e9dients les plus riches en vitamines acc\u00e9l\u00e8re la repousse, diminue la chute et restaure le cheveu pour une apparente plus saine. Le s\u00e9rum contient du Pisum Sativum, un ingr\u00e9dient actif qui stimule les follicules et assure l\u2019hydratation du cheveu. Il contient \u00e9galement du menthol qui nettoie et d\u00e9toxifie le cuir chevelu en profondeur. Cette formule est con\u00e7ue pour diminuer, voir m\u00eame stopper la chute de cheveux tout en acc\u00e9l\u00e9rant la repousse de cheveux. Gr\u00e2ce aux autres ingr\u00e9dients dont l\u2019extrait de gingembre, l\u2019extrait de ginseng et le patchouli, la formule de notre s\u00e9rum vitamin\u00e9 est juste une BOMBE.<\/p>\n","protected":false},"featured_media":2873,"comment_status":"closed","ping_status":"closed","template":"","meta":{"_acf_changed":false},"product_brand":[],"product_cat":[82],"product_tag":[],"class_list":{"0":"post-810","1":"product","2":"type-product","3":"status-publish","4":"has-post-thumbnail","6":"product_cat-uncategorized-fr","7":"wpbf-post","10":"instock","11":"sale","12":"taxable","13":"shipping-taxable","14":"purchasable","15":"product-type-simple"},"acf":[],"_links":{"self":[{"href":"https:\/\/beautybomb.co\/fr\/wp-json\/wp\/v2\/product\/810","targetHints":{"allow":["GET"]}}],"collection":[{"href":"https:\/\/beautybomb.co\/fr\/wp-json\/wp\/v2\/product"}],"about":[{"href":"https:\/\/beautybomb.co\/fr\/wp-json\/wp\/v2\/types\/product"}],"replies":[{"embeddable":true,"href":"https:\/\/beautybomb.co\/fr\/wp-json\/wp\/v2\/comments?post=810"}],"wp:featuredmedia":[{"embeddable":true,"href":"https:\/\/beautybomb.co\/fr\/wp-json\/wp\/v2\/media\/2873"}],"wp:attachment":[{"href":"https:\/\/beautybomb.co\/fr\/wp-json\/wp\/v2\/media?parent=810"}],"wp:term":[{"taxonomy":"product_brand","embeddable":true,"href":"https:\/\/beautybomb.co\/fr\/wp-json\/wp\/v2\/product_brand?post=810"},{"taxonomy":"product_cat","embeddable":true,"href":"https:\/\/beautybomb.co\/fr\/wp-json\/wp\/v2\/product_cat?post=810"},{"taxonomy":"product_tag","embeddable":true,"href":"https:\/\/beautybomb.co\/fr\/wp-json\/wp\/v2\/product_tag?post=810"}],"curies":[{"name":"wp","href":"https:\/\/api.w.org\/{rel}","templated":true}]}}