{"id":673,"date":"2022-02-16T15:04:17","date_gmt":"2022-02-16T19:04:17","guid":{"rendered":"https:\/\/beautybomb.co\/?post_type=product&#038;p=673"},"modified":"2023-07-12T13:45:42","modified_gmt":"2023-07-12T17:45:42","slug":"lultime-hydratant","status":"publish","type":"product","link":"https:\/\/beautybomb.co\/fr\/produit\/lultime-hydratant\/","title":{"rendered":"L\u2019ultime hydratant"},"content":{"rendered":"","protected":false},"excerpt":{"rendered":"<p>Promotion de lancement Botox Capillaire 500ml et 3 S\u00e9rums vitamin\u00e9s pour cheveux 30 ml. Botox : Cette formule gu\u00e9rit le cuir chevelu pour ainsi favoriser la repousse et diminuer la chute de cheveux. S\u00e9rum : Cette formule unique qui contient les ingr\u00e9dients les plus riches en vitamines acc\u00e9l\u00e8re la repousse, diminue la chute et restaure le cheveu pour une apparente plus saine.<\/p>\n","protected":false},"featured_media":2583,"comment_status":"closed","ping_status":"closed","template":"","meta":{"_acf_changed":false},"product_brand":[],"product_cat":[82],"product_tag":[],"class_list":{"0":"post-673","1":"product","2":"type-product","3":"status-publish","4":"has-post-thumbnail","6":"product_cat-uncategorized-fr","7":"wpbf-post","10":"instock","11":"sale","12":"taxable","13":"shipping-taxable","14":"purchasable","15":"product-type-simple"},"acf":[],"_links":{"self":[{"href":"https:\/\/beautybomb.co\/fr\/wp-json\/wp\/v2\/product\/673","targetHints":{"allow":["GET"]}}],"collection":[{"href":"https:\/\/beautybomb.co\/fr\/wp-json\/wp\/v2\/product"}],"about":[{"href":"https:\/\/beautybomb.co\/fr\/wp-json\/wp\/v2\/types\/product"}],"replies":[{"embeddable":true,"href":"https:\/\/beautybomb.co\/fr\/wp-json\/wp\/v2\/comments?post=673"}],"wp:featuredmedia":[{"embeddable":true,"href":"https:\/\/beautybomb.co\/fr\/wp-json\/wp\/v2\/media\/2583"}],"wp:attachment":[{"href":"https:\/\/beautybomb.co\/fr\/wp-json\/wp\/v2\/media?parent=673"}],"wp:term":[{"taxonomy":"product_brand","embeddable":true,"href":"https:\/\/beautybomb.co\/fr\/wp-json\/wp\/v2\/product_brand?post=673"},{"taxonomy":"product_cat","embeddable":true,"href":"https:\/\/beautybomb.co\/fr\/wp-json\/wp\/v2\/product_cat?post=673"},{"taxonomy":"product_tag","embeddable":true,"href":"https:\/\/beautybomb.co\/fr\/wp-json\/wp\/v2\/product_tag?post=673"}],"curies":[{"name":"wp","href":"https:\/\/api.w.org\/{rel}","templated":true}]}}