{"id":629,"date":"2022-02-14T17:20:59","date_gmt":"2022-02-14T21:20:59","guid":{"rendered":"https:\/\/beautybomb.co\/?post_type=product&#038;p=629"},"modified":"2023-07-12T13:35:33","modified_gmt":"2023-07-12T17:35:33","slug":"botox-capillaire-pour-elle","status":"publish","type":"product","link":"https:\/\/beautybomb.co\/fr\/produit\/botox-capillaire-pour-elle\/","title":{"rendered":"Botox capillaire pour elle"},"content":{"rendered":"","protected":false},"excerpt":{"rendered":"<p>Botox capillaire\u00a0 NET WT 500 ml<\/p>\n<p>Ce produit canadien se d\u00e9marque par sa puissance et son efficacit\u00e9. Ce booster intense est enrichi d\u2019anagain et de prot\u00e9ines. Un produit sign\u00e9 organique contenant tous les vitamines dont votre cuir chevelu a besoin.<\/p>\n<p>Cette formule p\u00e9n\u00e8tre de la racine \u00e0 la pointe du cheveu ainsi, elle r\u00e9pare les pointes fourchues et les cheveux secs endommag\u00e9s. Elle procure la r\u00e9sistance et un \u00e9clat rayonnant instantan\u00e9ment. Cette formule gu\u00e9rit le cuir chevelu pour ainsi favoriser la repousse et diminuer la chute de cheveux.<\/p>\n","protected":false},"featured_media":2587,"comment_status":"closed","ping_status":"closed","template":"","meta":{"_acf_changed":false},"product_brand":[],"product_cat":[58,82],"product_tag":[],"class_list":{"0":"post-629","1":"product","2":"type-product","3":"status-publish","4":"has-post-thumbnail","6":"product_cat-produits-fr","7":"product_cat-uncategorized-fr","8":"wpbf-post","11":"instock","12":"taxable","13":"shipping-taxable","14":"purchasable","15":"product-type-simple"},"acf":[],"_links":{"self":[{"href":"https:\/\/beautybomb.co\/fr\/wp-json\/wp\/v2\/product\/629","targetHints":{"allow":["GET"]}}],"collection":[{"href":"https:\/\/beautybomb.co\/fr\/wp-json\/wp\/v2\/product"}],"about":[{"href":"https:\/\/beautybomb.co\/fr\/wp-json\/wp\/v2\/types\/product"}],"replies":[{"embeddable":true,"href":"https:\/\/beautybomb.co\/fr\/wp-json\/wp\/v2\/comments?post=629"}],"wp:featuredmedia":[{"embeddable":true,"href":"https:\/\/beautybomb.co\/fr\/wp-json\/wp\/v2\/media\/2587"}],"wp:attachment":[{"href":"https:\/\/beautybomb.co\/fr\/wp-json\/wp\/v2\/media?parent=629"}],"wp:term":[{"taxonomy":"product_brand","embeddable":true,"href":"https:\/\/beautybomb.co\/fr\/wp-json\/wp\/v2\/product_brand?post=629"},{"taxonomy":"product_cat","embeddable":true,"href":"https:\/\/beautybomb.co\/fr\/wp-json\/wp\/v2\/product_cat?post=629"},{"taxonomy":"product_tag","embeddable":true,"href":"https:\/\/beautybomb.co\/fr\/wp-json\/wp\/v2\/product_tag?post=629"}],"curies":[{"name":"wp","href":"https:\/\/api.w.org\/{rel}","templated":true}]}}