{"id":1667,"date":"2023-06-14T09:27:52","date_gmt":"2023-06-14T13:27:52","guid":{"rendered":"https:\/\/beautybomb.co\/?post_type=product&#038;p=1667"},"modified":"2023-07-07T14:49:04","modified_gmt":"2023-07-07T18:49:04","slug":"housse-protectrice-pour-bagage","status":"publish","type":"product","link":"https:\/\/beautybomb.co\/fr\/produit\/housse-protectrice-pour-bagage\/","title":{"rendered":"Housse protectrice pour bagage"},"content":{"rendered":"","protected":false},"excerpt":{"rendered":"<p>Prot\u00e9gez vos bagages de la salet\u00e9 et des rayures ; rendez-les instantan\u00e9ment reconnaissables. Les coutures doubles sur toute la surface, pleines d&rsquo;\u00e9lasticit\u00e9 et de grande extensibilit\u00e9, garantissent que votre valise reste ferm\u00e9e pendant vos d\u00e9placements. Convient aux tailles de 28, 26 et 24 pouces. Cette housse de valise est fabriqu\u00e9e en \u00e9lasthanne et en polyester.<\/p>\n","protected":false},"featured_media":2545,"comment_status":"closed","ping_status":"closed","template":"","meta":{"_acf_changed":false},"product_brand":[],"product_cat":[58,82],"product_tag":[],"class_list":{"0":"post-1667","1":"product","2":"type-product","3":"status-publish","4":"has-post-thumbnail","6":"product_cat-produits-fr","7":"product_cat-uncategorized-fr","8":"wpbf-post","11":"instock","12":"taxable","13":"shipping-taxable","14":"purchasable","15":"product-type-simple"},"acf":[],"_links":{"self":[{"href":"https:\/\/beautybomb.co\/fr\/wp-json\/wp\/v2\/product\/1667","targetHints":{"allow":["GET"]}}],"collection":[{"href":"https:\/\/beautybomb.co\/fr\/wp-json\/wp\/v2\/product"}],"about":[{"href":"https:\/\/beautybomb.co\/fr\/wp-json\/wp\/v2\/types\/product"}],"replies":[{"embeddable":true,"href":"https:\/\/beautybomb.co\/fr\/wp-json\/wp\/v2\/comments?post=1667"}],"wp:featuredmedia":[{"embeddable":true,"href":"https:\/\/beautybomb.co\/fr\/wp-json\/wp\/v2\/media\/2545"}],"wp:attachment":[{"href":"https:\/\/beautybomb.co\/fr\/wp-json\/wp\/v2\/media?parent=1667"}],"wp:term":[{"taxonomy":"product_brand","embeddable":true,"href":"https:\/\/beautybomb.co\/fr\/wp-json\/wp\/v2\/product_brand?post=1667"},{"taxonomy":"product_cat","embeddable":true,"href":"https:\/\/beautybomb.co\/fr\/wp-json\/wp\/v2\/product_cat?post=1667"},{"taxonomy":"product_tag","embeddable":true,"href":"https:\/\/beautybomb.co\/fr\/wp-json\/wp\/v2\/product_tag?post=1667"}],"curies":[{"name":"wp","href":"https:\/\/api.w.org\/{rel}","templated":true}]}}