{"id":1517,"date":"2023-01-05T12:12:54","date_gmt":"2023-01-05T16:12:54","guid":{"rendered":"https:\/\/beautybomb.co\/?post_type=product&#038;p=1517"},"modified":"2025-07-30T13:50:30","modified_gmt":"2025-07-30T17:50:30","slug":"beautybarre-shampoing-100g","status":"publish","type":"product","link":"https:\/\/beautybomb.co\/fr\/produit\/beautybarre-shampoing-100g\/","title":{"rendered":"BeautyBarre Shampoing 100g"},"content":{"rendered":"","protected":false},"excerpt":{"rendered":"<p>Notre marque se d\u00e9marque par nos ingr\u00e9dients les plus riches en k\u00e9ratine et prot\u00e9ines. Nous ajoutons \u00e0 cela des mati\u00e8res et des huiles indispensables \u00e0 la repousse et \u00e0 la diminution de la chute de cheveu. Huile de ricin, huile d&rsquo;argan et huile de jojoba sont au rendez-vous. Une fa\u00e7on \u00e9cologique et plus durable \u00e0 essayer. Le shampoing en barre est la solution pour les voyages. Il suffit de le faire s\u00e9cher avant de le transporter dans un petit sac.<\/p>\n","protected":false},"featured_media":2555,"comment_status":"closed","ping_status":"closed","template":"","meta":{"_acf_changed":false},"product_brand":[],"product_cat":[82,58],"product_tag":[],"class_list":{"0":"post-1517","1":"product","2":"type-product","3":"status-publish","4":"has-post-thumbnail","6":"product_cat-uncategorized-fr","7":"product_cat-produits-fr","8":"wpbf-post","11":"outofstock","12":"taxable","13":"shipping-taxable","14":"purchasable","15":"product-type-simple"},"acf":[],"_links":{"self":[{"href":"https:\/\/beautybomb.co\/fr\/wp-json\/wp\/v2\/product\/1517","targetHints":{"allow":["GET"]}}],"collection":[{"href":"https:\/\/beautybomb.co\/fr\/wp-json\/wp\/v2\/product"}],"about":[{"href":"https:\/\/beautybomb.co\/fr\/wp-json\/wp\/v2\/types\/product"}],"replies":[{"embeddable":true,"href":"https:\/\/beautybomb.co\/fr\/wp-json\/wp\/v2\/comments?post=1517"}],"wp:featuredmedia":[{"embeddable":true,"href":"https:\/\/beautybomb.co\/fr\/wp-json\/wp\/v2\/media\/2555"}],"wp:attachment":[{"href":"https:\/\/beautybomb.co\/fr\/wp-json\/wp\/v2\/media?parent=1517"}],"wp:term":[{"taxonomy":"product_brand","embeddable":true,"href":"https:\/\/beautybomb.co\/fr\/wp-json\/wp\/v2\/product_brand?post=1517"},{"taxonomy":"product_cat","embeddable":true,"href":"https:\/\/beautybomb.co\/fr\/wp-json\/wp\/v2\/product_cat?post=1517"},{"taxonomy":"product_tag","embeddable":true,"href":"https:\/\/beautybomb.co\/fr\/wp-json\/wp\/v2\/product_tag?post=1517"}],"curies":[{"name":"wp","href":"https:\/\/api.w.org\/{rel}","templated":true}]}}