{"id":1515,"date":"2023-01-05T12:57:44","date_gmt":"2023-01-05T16:57:44","guid":{"rendered":"https:\/\/beautybomb.co\/?post_type=product&#038;p=1515"},"modified":"2023-07-12T13:29:27","modified_gmt":"2023-07-12T17:29:27","slug":"beautybarre-revitalisant-100g","status":"publish","type":"product","link":"https:\/\/beautybomb.co\/fr\/produit\/beautybarre-revitalisant-100g\/","title":{"rendered":"BeautyBarre revitalisant 100g"},"content":{"rendered":"","protected":false},"excerpt":{"rendered":"<p>Pour une hydratation apr\u00e8s le shampoing en barre, il vous faut ce revitalisant. Aussi \u00e9cologique que pratique, facile \u00e0 transporter et tellement riche en mati\u00e8res premi\u00e8res. Ce revitalisant compl\u00e8te notre shampoing le BeautyBarre. \u00c0 base d\u2019huile d\u2019argan, d\u2019huile de jojoba et d\u2019huile de kernel, il vous donnera l\u2019hydratation dont vous avez besoin.<\/p>\n","protected":false},"featured_media":2552,"comment_status":"closed","ping_status":"closed","template":"","meta":{"_acf_changed":false},"product_brand":[],"product_cat":[82,58],"product_tag":[],"class_list":{"0":"post-1515","1":"product","2":"type-product","3":"status-publish","4":"has-post-thumbnail","6":"product_cat-uncategorized-fr","7":"product_cat-produits-fr","8":"wpbf-post","11":"instock","12":"taxable","13":"shipping-taxable","14":"purchasable","15":"product-type-simple"},"acf":[],"_links":{"self":[{"href":"https:\/\/beautybomb.co\/fr\/wp-json\/wp\/v2\/product\/1515","targetHints":{"allow":["GET"]}}],"collection":[{"href":"https:\/\/beautybomb.co\/fr\/wp-json\/wp\/v2\/product"}],"about":[{"href":"https:\/\/beautybomb.co\/fr\/wp-json\/wp\/v2\/types\/product"}],"replies":[{"embeddable":true,"href":"https:\/\/beautybomb.co\/fr\/wp-json\/wp\/v2\/comments?post=1515"}],"wp:featuredmedia":[{"embeddable":true,"href":"https:\/\/beautybomb.co\/fr\/wp-json\/wp\/v2\/media\/2552"}],"wp:attachment":[{"href":"https:\/\/beautybomb.co\/fr\/wp-json\/wp\/v2\/media?parent=1515"}],"wp:term":[{"taxonomy":"product_brand","embeddable":true,"href":"https:\/\/beautybomb.co\/fr\/wp-json\/wp\/v2\/product_brand?post=1515"},{"taxonomy":"product_cat","embeddable":true,"href":"https:\/\/beautybomb.co\/fr\/wp-json\/wp\/v2\/product_cat?post=1515"},{"taxonomy":"product_tag","embeddable":true,"href":"https:\/\/beautybomb.co\/fr\/wp-json\/wp\/v2\/product_tag?post=1515"}],"curies":[{"name":"wp","href":"https:\/\/api.w.org\/{rel}","templated":true}]}}