{"id":1513,"date":"2023-01-05T13:40:33","date_gmt":"2023-01-05T17:40:33","guid":{"rendered":"https:\/\/beautybomb.co\/?post_type=product&#038;p=1513"},"modified":"2025-07-30T14:01:01","modified_gmt":"2025-07-30T18:01:01","slug":"duo-beautybarre","status":"publish","type":"product","link":"https:\/\/beautybomb.co\/fr\/produit\/duo-beautybarre\/","title":{"rendered":"Duo BeautyBarre"},"content":{"rendered":"","protected":false},"excerpt":{"rendered":"<p>Shampoing : Notre marque se d\u00e9marque par nos ingr\u00e9dients les plus riches en k\u00e9ratine et prot\u00e9ines. Nous ajoutons \u00e0 cela des mati\u00e8res et des huiles indispensables \u00e0 la repousse et \u00e0 la diminution de la chute de cheveu. Huile de ricin, huile d&rsquo;argan et huile de jojoba sont au rendez-vous. Une fa\u00e7on \u00e9cologique et plus durable \u00e0 essayer.<\/p>\n<p>Revitalisant : Aussi \u00e9cologique que pratique, facile \u00e0 transporter et tellement riche en mati\u00e8res premi\u00e8res. Ce revitalisant compl\u00e8te notre shampoing le BeautyBarre. \u00c0 base d\u2019huile d\u2019argan, d\u2019huile de jojoba et d\u2019huile de kernel, il vous donnera l\u2019hydratation dont vous avez besoin.<\/p>\n","protected":false},"featured_media":2550,"comment_status":"closed","ping_status":"closed","template":"","meta":{"_acf_changed":false},"product_brand":[],"product_cat":[82,58],"product_tag":[210],"class_list":{"0":"post-1513","1":"product","2":"type-product","3":"status-publish","4":"has-post-thumbnail","6":"product_cat-uncategorized-fr","7":"product_cat-produits-fr","8":"product_tag-no-promo","9":"wpbf-post","12":"outofstock","13":"sale","14":"taxable","15":"shipping-taxable","16":"purchasable","17":"product-type-simple"},"acf":[],"_links":{"self":[{"href":"https:\/\/beautybomb.co\/fr\/wp-json\/wp\/v2\/product\/1513","targetHints":{"allow":["GET"]}}],"collection":[{"href":"https:\/\/beautybomb.co\/fr\/wp-json\/wp\/v2\/product"}],"about":[{"href":"https:\/\/beautybomb.co\/fr\/wp-json\/wp\/v2\/types\/product"}],"replies":[{"embeddable":true,"href":"https:\/\/beautybomb.co\/fr\/wp-json\/wp\/v2\/comments?post=1513"}],"wp:featuredmedia":[{"embeddable":true,"href":"https:\/\/beautybomb.co\/fr\/wp-json\/wp\/v2\/media\/2550"}],"wp:attachment":[{"href":"https:\/\/beautybomb.co\/fr\/wp-json\/wp\/v2\/media?parent=1513"}],"wp:term":[{"taxonomy":"product_brand","embeddable":true,"href":"https:\/\/beautybomb.co\/fr\/wp-json\/wp\/v2\/product_brand?post=1513"},{"taxonomy":"product_cat","embeddable":true,"href":"https:\/\/beautybomb.co\/fr\/wp-json\/wp\/v2\/product_cat?post=1513"},{"taxonomy":"product_tag","embeddable":true,"href":"https:\/\/beautybomb.co\/fr\/wp-json\/wp\/v2\/product_tag?post=1513"}],"curies":[{"name":"wp","href":"https:\/\/api.w.org\/{rel}","templated":true}]}}