{"id":1013,"date":"2022-09-05T12:29:55","date_gmt":"2022-09-05T16:29:55","guid":{"rendered":"https:\/\/beautybomb.co\/?post_type=product&#038;p=1013"},"modified":"2023-07-12T13:37:34","modified_gmt":"2023-07-12T17:37:34","slug":"botox-capillaire-pour-lui","status":"publish","type":"product","link":"https:\/\/beautybomb.co\/fr\/produit\/botox-capillaire-pour-lui\/","title":{"rendered":"Botox capillaire pour lui"},"content":{"rendered":"","protected":false},"excerpt":{"rendered":"<p>Botox capillaire pour lui NET WT 250 ml<\/p>\n<p>Cette formule pour homme p\u00e9n\u00e8tre dans le cuir chevelu pour donner de la r\u00e9sistance et un \u00e9clat rayonnant. Ce produit hydrate, nourrit et r\u00e9pare les dommages en laissant une odeur masculine.<\/p>\n","protected":false},"featured_media":2569,"comment_status":"closed","ping_status":"closed","template":"","meta":{"_acf_changed":false},"product_brand":[],"product_cat":[82],"product_tag":[],"class_list":{"0":"post-1013","1":"product","2":"type-product","3":"status-publish","4":"has-post-thumbnail","6":"product_cat-uncategorized-fr","7":"wpbf-post","10":"instock","11":"taxable","12":"shipping-taxable","13":"purchasable","14":"product-type-simple"},"acf":[],"_links":{"self":[{"href":"https:\/\/beautybomb.co\/fr\/wp-json\/wp\/v2\/product\/1013","targetHints":{"allow":["GET"]}}],"collection":[{"href":"https:\/\/beautybomb.co\/fr\/wp-json\/wp\/v2\/product"}],"about":[{"href":"https:\/\/beautybomb.co\/fr\/wp-json\/wp\/v2\/types\/product"}],"replies":[{"embeddable":true,"href":"https:\/\/beautybomb.co\/fr\/wp-json\/wp\/v2\/comments?post=1013"}],"wp:featuredmedia":[{"embeddable":true,"href":"https:\/\/beautybomb.co\/fr\/wp-json\/wp\/v2\/media\/2569"}],"wp:attachment":[{"href":"https:\/\/beautybomb.co\/fr\/wp-json\/wp\/v2\/media?parent=1013"}],"wp:term":[{"taxonomy":"product_brand","embeddable":true,"href":"https:\/\/beautybomb.co\/fr\/wp-json\/wp\/v2\/product_brand?post=1013"},{"taxonomy":"product_cat","embeddable":true,"href":"https:\/\/beautybomb.co\/fr\/wp-json\/wp\/v2\/product_cat?post=1013"},{"taxonomy":"product_tag","embeddable":true,"href":"https:\/\/beautybomb.co\/fr\/wp-json\/wp\/v2\/product_tag?post=1013"}],"curies":[{"name":"wp","href":"https:\/\/api.w.org\/{rel}","templated":true}]}}