{"id":1009,"date":"2022-09-05T12:28:41","date_gmt":"2022-09-05T16:28:41","guid":{"rendered":"https:\/\/beautybomb.co\/?post_type=product&#038;p=1009"},"modified":"2023-07-12T13:58:54","modified_gmt":"2023-07-12T17:58:54","slug":"revitalisant-le-booster-secret","status":"publish","type":"product","link":"https:\/\/beautybomb.co\/fr\/produit\/revitalisant-le-booster-secret\/","title":{"rendered":"Revitalisant Le Booster Secret"},"content":{"rendered":"","protected":false},"excerpt":{"rendered":"<p>Revitalisant \u00a0Le Booster Secret 16.9 FL.OZ. \/ 500ml<\/p>\n<p>Sans sulfate<br \/>\nSans parab\u00e8ne<br \/>\nSans silicone<\/p>\n<p>Cet apr\u00e8s-shampooing riche en hydratation, repulpe la fibre capillaire en renfor\u00e7ant la structure du cheveu. Ainsi, les rendant r\u00e9sistants aux cassures. Le panth\u00e9nol un des ingr\u00e9dients cl\u00e9 de cette formule r\u00e9g\u00e9n\u00e8re et stimule consid\u00e9rablement le cheveu. Brilliance et douceur sont au rendez-vous!<\/p>\n","protected":false},"featured_media":2571,"comment_status":"closed","ping_status":"closed","template":"","meta":{"_acf_changed":false},"product_brand":[],"product_cat":[82],"product_tag":[],"class_list":{"0":"post-1009","1":"product","2":"type-product","3":"status-publish","4":"has-post-thumbnail","6":"product_cat-uncategorized-fr","7":"wpbf-post","10":"instock","11":"taxable","12":"shipping-taxable","13":"purchasable","14":"product-type-simple"},"acf":[],"_links":{"self":[{"href":"https:\/\/beautybomb.co\/fr\/wp-json\/wp\/v2\/product\/1009","targetHints":{"allow":["GET"]}}],"collection":[{"href":"https:\/\/beautybomb.co\/fr\/wp-json\/wp\/v2\/product"}],"about":[{"href":"https:\/\/beautybomb.co\/fr\/wp-json\/wp\/v2\/types\/product"}],"replies":[{"embeddable":true,"href":"https:\/\/beautybomb.co\/fr\/wp-json\/wp\/v2\/comments?post=1009"}],"wp:featuredmedia":[{"embeddable":true,"href":"https:\/\/beautybomb.co\/fr\/wp-json\/wp\/v2\/media\/2571"}],"wp:attachment":[{"href":"https:\/\/beautybomb.co\/fr\/wp-json\/wp\/v2\/media?parent=1009"}],"wp:term":[{"taxonomy":"product_brand","embeddable":true,"href":"https:\/\/beautybomb.co\/fr\/wp-json\/wp\/v2\/product_brand?post=1009"},{"taxonomy":"product_cat","embeddable":true,"href":"https:\/\/beautybomb.co\/fr\/wp-json\/wp\/v2\/product_cat?post=1009"},{"taxonomy":"product_tag","embeddable":true,"href":"https:\/\/beautybomb.co\/fr\/wp-json\/wp\/v2\/product_tag?post=1009"}],"curies":[{"name":"wp","href":"https:\/\/api.w.org\/{rel}","templated":true}]}}